{"id":17,"date":"2024-08-23T07:49:22","date_gmt":"2024-08-23T07:49:22","guid":{"rendered":"https:\/\/rp.markoja.hr\/?page_id=17"},"modified":"2025-08-20T08:50:45","modified_gmt":"2025-08-20T06:50:45","slug":"rotary-parking","status":"publish","type":"page","link":"https:\/\/rp.markoja.hr\/hr\/","title":{"rendered":"Rotary Parking"},"content":{"rendered":"<div data-elementor-type=\"wp-page\" data-elementor-id=\"17\" class=\"elementor elementor-17\">\n\t\t\t\t<div class=\"elementor-element elementor-element-d33d0be e-flex e-con-boxed e-con e-parent\" data-id=\"d33d0be\" data-element_type=\"container\" data-e-type=\"container\" data-settings=\"{&quot;background_background&quot;:&quot;video&quot;,&quot;background_video_link&quot;:&quot;https:\\\/\\\/rp.markoja.hr\\\/wp-content\\\/uploads\\\/2024\\\/08\\\/rp-loop.mp4&quot;,&quot;background_play_on_mobile&quot;:&quot;yes&quot;,&quot;background_video_start&quot;:0,&quot;background_video_end&quot;:16}\">\n\t\t\t\t\t<div class=\"e-con-inner\">\n\t\t<div class=\"elementor-background-video-container\">\n\t\t\t\t\t\t\t<video class=\"elementor-background-video-hosted\" role=\"presentation\" autoplay muted playsinline loop><\/video>\n\t\t\t\t\t<\/div><div class=\"elementor-element elementor-element-49e4c9d e-flex e-con-boxed e-con e-child\" data-id=\"49e4c9d\" data-element_type=\"container\" data-e-type=\"container\">\n\t\t\t\t\t<div class=\"e-con-inner\">\n\t\t\t\t<div class=\"elementor-element elementor-element-b183b1a elementor-widget__width-initial elementor-widget elementor-widget-heading\" data-id=\"b183b1a\" data-element_type=\"widget\" data-e-type=\"widget\" data-widget_type=\"heading.default\">\n\t\t\t\t<div class=\"elementor-widget-container\">\n\t\t\t\t\t<h1 class=\"elementor-heading-title elementor-size-default\">Rotary Parking<\/h1>\t\t\t\t<\/div>\n\t\t\t\t<\/div>\n\t\t\t\t<div class=\"elementor-element elementor-element-e00a26d elementor-widget__width-initial elementor-widget elementor-widget-heading\" data-id=\"e00a26d\" data-element_type=\"widget\" data-e-type=\"widget\" data-widget_type=\"heading.default\">\n\t\t\t\t<div class=\"elementor-widget-container\">\n\t\t\t\t\t<h1 class=\"elementor-heading-title elementor-size-default\">Multipliciramo parkirni prostor u va\u0161oj blizini!\n<br>Tro\u0161kovno i energetski naju\u010dinkovitiji, ekolo\u0161ki prihvatljivi parkirni sustavi koji omogu\u0107avaju pove\u0107anje broja parkirnih mjesta do 8 puta u odnosu na postoje\u0107e parkirali\u0161ne kapacitete.<\/h1>\t\t\t\t<\/div>\n\t\t\t\t<\/div>\n\t\t\t\t\t<\/div>\n\t\t\t\t<\/div>\n\t\t\t\t\t<\/div>\n\t\t\t\t<\/div>\n\t\t<div class=\"elementor-element elementor-element-af99be5 e-flex e-con-boxed e-con e-parent\" data-id=\"af99be5\" data-element_type=\"container\" data-e-type=\"container\" data-settings=\"{&quot;background_background&quot;:&quot;classic&quot;}\">\n\t\t\t\t\t<div class=\"e-con-inner\">\n\t\t\t\t<div class=\"elementor-element elementor-element-01267e6 elementor-widget elementor-widget-image\" data-id=\"01267e6\" data-element_type=\"widget\" data-e-type=\"widget\" data-widget_type=\"image.default\">\n\t\t\t\t<div class=\"elementor-widget-container\">\n\t\t\t\t\t\t\t\t\t\t\t\t\t\t\t<img fetchpriority=\"high\" decoding=\"async\" width=\"1024\" height=\"466\" src=\"https:\/\/rp.markoja.hr\/wp-content\/uploads\/2024\/09\/skica-01-1024x466.webp\" class=\"attachment-large size-large wp-image-466\" alt=\"\" srcset=\"https:\/\/rp.markoja.hr\/wp-content\/uploads\/2024\/09\/skica-01-1024x466.webp 1024w, https:\/\/rp.markoja.hr\/wp-content\/uploads\/2024\/09\/skica-01-300x137.webp 300w, https:\/\/rp.markoja.hr\/wp-content\/uploads\/2024\/09\/skica-01-768x350.webp 768w, https:\/\/rp.markoja.hr\/wp-content\/uploads\/2024\/09\/skica-01-1536x699.webp 1536w, https:\/\/rp.markoja.hr\/wp-content\/uploads\/2024\/09\/skica-01.webp 1900w\" sizes=\"(max-width: 1024px) 100vw, 1024px\" \/>\t\t\t\t\t\t\t\t\t\t\t\t\t\t\t<\/div>\n\t\t\t\t<\/div>\n\t\t\t\t<div class=\"elementor-element elementor-element-0c08894 elementor-widget elementor-widget-heading\" data-id=\"0c08894\" data-element_type=\"widget\" data-e-type=\"widget\" data-widget_type=\"heading.default\">\n\t\t\t\t<div class=\"elementor-widget-container\">\n\t\t\t\t\t<h3 class=\"elementor-heading-title elementor-size-default\">Kao najekonomi\u010dniji parking sustav, Rotary Parking zauzima povr\u0161inu od samo 36 m2,<br>omogu\u0107uju\u0107i parkiranje  do 16 vozila na povr\u0161ini od samo dva tradicionalna parkirna mjesta.<\/h3>\t\t\t\t<\/div>\n\t\t\t\t<\/div>\n\t\t\t\t<div class=\"elementor-element elementor-element-cd11fe6 elementor-widget elementor-widget-heading\" data-id=\"cd11fe6\" data-element_type=\"widget\" data-e-type=\"widget\" data-widget_type=\"heading.default\">\n\t\t\t\t<div class=\"elementor-widget-container\">\n\t\t\t\t\t<h2 class=\"elementor-heading-title elementor-size-default\"><br>Klju\u010dne RP karakteristike:<\/h2>\t\t\t\t<\/div>\n\t\t\t\t<\/div>\n\t\t\t\t<div class=\"elementor-element elementor-element-140187d elementor-widget elementor-widget-text-editor\" data-id=\"140187d\" data-element_type=\"widget\" data-e-type=\"widget\" data-widget_type=\"text-editor.default\">\n\t\t\t\t<div class=\"elementor-widget-container\">\n\t\t\t\t\t\t\t\t\t<ul class=\"wp-block-list\"><li>maksimalna u\u0161teda prostora<\/li><li>modularna gradnja i mogu\u0107nost brzog dodavanja novih kapaciteta<\/li><li>mogu\u0107nost preseljenja i ponovne instalacije na novoj lokaciji<\/li><li>pogodan za sve tipove automobila \u2013 limuzine, karavani i SUV vozila<\/li><li>za\u0161tita vozila od kra\u0111e, o\u0161te\u0107enja i vremenskih uvjeta<\/li><li>tih rad \u2013 ni\u017ea razina buke u odnosu na bilo koju drugu vrstu parkirnih sustava<\/li><li>sustavi su izvedeni kao visinske konstrukcije, smanjuju\u0107i rizik od poplave<\/li><li>niska potro\u0161nja energije<\/li><li>jednostavno upravljanje<\/li><li>minimalni tro\u0161kovi odr\u017eavanja<\/li><li>visoka izdr\u017eljivost<\/li><li>dug vijek trajanja.<\/li><\/ul>\t\t\t\t\t\t\t\t<\/div>\n\t\t\t\t<\/div>\n\t\t\t\t<div class=\"elementor-element elementor-element-5afa415 elementor-widget elementor-widget-heading\" data-id=\"5afa415\" data-element_type=\"widget\" data-e-type=\"widget\" data-widget_type=\"heading.default\">\n\t\t\t\t<div class=\"elementor-widget-container\">\n\t\t\t\t\t<h3 class=\"elementor-heading-title elementor-size-default\">Rotary Parking idealno je rje\u0161enje za \u0161irok raspon primjena \u2013 javne gradske povr\u0161ine, rezidencijalne i poslovne zgrade, hoteli, bolnice, \u0161oping centri, marine, zra\u010dne luke, auto saloni i jo\u0161 mnogo toga.<\/h3>\t\t\t\t<\/div>\n\t\t\t\t<\/div>\n\t\t\t\t\t<\/div>\n\t\t\t\t<\/div>\n\t\t<div class=\"elementor-element elementor-element-3004aa0 e-flex e-con-boxed e-con e-parent\" data-id=\"3004aa0\" data-element_type=\"container\" data-e-type=\"container\">\n\t\t\t\t\t<div class=\"e-con-inner\">\n\t\t\t\t<div class=\"elementor-element elementor-element-99e33dc elementor-widget__width-inherit elementor-widget elementor-widget-html\" data-id=\"99e33dc\" data-element_type=\"widget\" data-e-type=\"widget\" data-widget_type=\"html.default\">\n\t\t\t\t<div class=\"elementor-widget-container\">\n\t\t\t\t\t<figure class=\"wp-block-table\">\r\n  <table class=\"has-fixed-layout\">\r\n    <thead>\r\n      <tr>\r\n        <td colspan=\"1\"><strong>Model<\/strong><\/td>\r\n        <td><\/td>\r\n        <td><strong>EPS \u2013 RP06<\/strong><\/td>\r\n        <td><strong>EPS \u2013 RP08<\/strong><\/td>\r\n        <td><strong>EPS \u2013 RP10<\/strong><\/td>\r\n        <td><strong>EPS \u2013 RP12<\/strong><\/td>\r\n        <td><strong>EPS \u2013 RP14<\/strong><\/td>\r\n        <td><strong>EPS \u2013 RP16<\/strong><\/td>\r\n      <\/tr>\r\n    <\/thead>\r\n    <tbody>\r\n      <tr>\r\n        <td colspan=\"1\"><strong>Parkirni kapacitet<\/strong><\/td>\r\n        <td><\/td>\r\n        <td>6 vozila<\/td>\r\n        <td>8 vozila<\/td>\r\n        <td>10 vozila<\/td>\r\n        <td>12 vozila<\/td>\r\n        <td>14 vozila<\/td>\r\n        <td>16 vozila<\/td>\r\n      <\/tr>\r\n      <tr>\r\n        <td rowspan=\"3\"><strong>Dimenzije sustava<\/strong><\/td>\r\n        <td><strong>Duljina<\/strong><\/td>\r\n        <td>6450 mm<\/td>\r\n        <td>6450 mm<\/td>\r\n        <td>6450 mm<\/td>\r\n        <td>6450 mm<\/td>\r\n        <td>Na zahtjev*<\/td>\r\n        <td>Na zahtjev*<\/td>\r\n      <\/tr>\r\n      <tr>\r\n        <td><strong>\u0160irina<\/strong><\/td>\r\n        <td>5420 mm<\/td>\r\n        <td>5420 mm<\/td>\r\n        <td>5420 mm<\/td>\r\n        <td>5420 mm<\/td>\r\n        <td>Na zahtjev*<\/td>\r\n        <td>Na zahtjev*<\/td>\r\n      <\/tr>\r\n      <tr>        \r\n        <td><strong>Visina<\/strong><\/td>\r\n        <td>9315 mm<\/td>\r\n        <td>11450 mm<\/td>\r\n        <td>13585 mm<\/td>\r\n        <td>15720 mm<\/td>\r\n        <td>Na zahtjev*<\/td>\r\n        <td>Na zahtjev*<\/td>\r\n      <\/tr>\r\n      <tr>\r\n        <td rowspan=\"4\"><strong>Maksimalne dimenzije parkiranih vozila<\/strong><\/td>\r\n        <td><strong>Duljina<\/strong><\/td>\r\n        <td>5300 mm<\/td>\r\n        <td>5300&nbsp;mm<\/td>\r\n        <td>5300 mm<\/td>\r\n        <td>5300&nbsp;mm<\/td>\r\n        <td>Na zahtjev*<\/td>\r\n        <td>Na zahtjev*<\/td>\r\n      <\/tr>\r\n      <tr>\r\n        <td><strong>\u0160irina<\/strong><\/td>\r\n        <td>2250 mm<\/td>\r\n        <td>2250 mm<\/td>\r\n        <td>2250 mm<\/td>\r\n        <td>2250 mm<\/td>\r\n        <td>Na zahtjev*<\/td>\r\n        <td>Na zahtjev*<\/td>\r\n      <\/tr>\r\n      <tr>\r\n        <td><strong>Visina<\/strong><\/td>\r\n        <td>1950 mm<\/td>\r\n        <td>1950 mm<\/td>\r\n        <td>1950 mm<\/td>\r\n        <td>1950 mm<\/td>\r\n        <td>Na zahtjev*<\/td>\r\n        <td>Na zahtjev*<\/td>\r\n      <\/tr>\r\n      <tr>        \r\n        <td><strong>Te\u017eina<\/strong><\/td>\r\n        <td>2500 kg<\/td>\r\n        <td>2500 kg<\/td>\r\n        <td>2500 kg<\/td>\r\n        <td>2500 kg<\/td>\r\n        <td>Na zahtjev*<\/td>\r\n        <td>Na zahtjev*<\/td>\r\n      <\/tr>\r\n      <tr>\r\n        <td colspan=\"2\"><strong>Elektromotor<\/strong><\/td>\r\n        <td>7,5 kW<\/td>\r\n        <td>9,2 kW<\/td>\r\n        <td>9,2 kW<\/td>\r\n        <td>11 kW<\/td>\r\n        <td>Na zahtjev*<\/td>\r\n        <td>Na zahtjev*<\/td>\r\n      <\/tr>\r\n      <tr>\r\n        <td colspan=\"2\"><strong>Motorno upravljanje<\/strong><\/td>\r\n        <td>Inverter<\/td>\r\n        <td>Inverter<\/td>\r\n        <td>Inverter<\/td>\r\n        <td>Inverter<\/td>\r\n        <td>Inverter<\/td>\r\n        <td>Inverter<\/td>\r\n      <\/tr>\r\n      <tr>\r\n        <td colspan=\"2\"><strong>Brzina<\/strong><\/td>\r\n        <td>5 \u2013 5,5 m\/min<\/td>\r\n        <td>5 \u2013 5,5 m\/min<\/td>\r\n        <td>5 \u2013 5,5 m\/min<\/td>\r\n        <td>5 \u2013 5,5 m\/min<\/td>\r\n        <td>5 \u2013 5,5 m\/min<\/td>\r\n        <td>5 \u2013 5,5 m\/min<\/td>\r\n      <\/tr>\r\n      <tr>\r\n        <td colspan=\"2\"><strong>Buka<\/strong><\/td>\r\n        <td>65 dB \u2013 75 dB<\/td>\r\n        <td>65 dB \u2013 75 dB<\/td>\r\n        <td>65 dB \u2013 75 dB<\/td>\r\n        <td>65 dB \u2013 75 dB<\/td>\r\n        <td>65 dB \u2013 75 dB<\/td>\r\n        <td>65 dB \u2013 75 dB<\/td>\r\n      <\/tr>\r\n    <\/tbody>\r\n  <\/table>\r\n  <figcaption class=\"wp-element-caption\">\r\n    <em\r\n      ><small\r\n        >Specifikacije modela EPS-RP14 i EPS-RP16 definiraju se prema zahtjevima pojedinog projekta.<\/small\r\n><\/em\r\n>\r\n  <\/figcaption>\r\n<\/figure>\r\n\t\t\t\t<\/div>\n\t\t\t\t<\/div>\n\t\t\t\t\t<\/div>\n\t\t\t\t<\/div>\n\t\t<div class=\"elementor-element elementor-element-f1c2e49 e-con-full e-flex e-con e-parent\" data-id=\"f1c2e49\" data-element_type=\"container\" data-e-type=\"container\" data-settings=\"{&quot;background_background&quot;:&quot;classic&quot;}\">\n\t\t\t\t<div class=\"elementor-element elementor-element-ee5a1df gallery-spacing-custom elementor-widget elementor-widget-image-gallery\" data-id=\"ee5a1df\" data-element_type=\"widget\" data-e-type=\"widget\" data-widget_type=\"image-gallery.default\">\n\t\t\t\t<div class=\"elementor-widget-container\">\n\t\t\t\t\t\t\t<div class=\"elementor-image-gallery\">\n\t\t\t<div id='gallery-1' class='gallery galleryid-17 gallery-columns-3 gallery-size-ocean-thumb-l'><figure class='gallery-item'>\n\t\t\t<div class='gallery-icon landscape'>\n\t\t\t\t<a data-elementor-open-lightbox=\"yes\" data-elementor-lightbox-slideshow=\"ee5a1df\" data-e-action-hash=\"#elementor-action%3Aaction%3Dlightbox%26settings%3DeyJpZCI6NTYsInVybCI6Imh0dHBzOlwvXC9ycC5tYXJrb2phLmhyXC93cC1jb250ZW50XC91cGxvYWRzXC8yMDI0XC8wOFwvcnAtcHVsYS0wMi1zY2FsZWQud2VicCIsInNsaWRlc2hvdyI6ImVlNWExZGYifQ%3D%3D\" href='https:\/\/rp.markoja.hr\/wp-content\/uploads\/2024\/08\/rp-pula-02-scaled.webp'><img decoding=\"async\" width=\"1200\" height=\"700\" src=\"https:\/\/rp.markoja.hr\/wp-content\/uploads\/2024\/08\/rp-pula-02-1200x700.webp\" class=\"attachment-ocean-thumb-l size-ocean-thumb-l\" alt=\"\" \/><\/a>\n\t\t\t<\/div><\/figure><figure class='gallery-item'>\n\t\t\t<div class='gallery-icon landscape'>\n\t\t\t\t<a data-elementor-open-lightbox=\"yes\" data-elementor-lightbox-slideshow=\"ee5a1df\" data-e-action-hash=\"#elementor-action%3Aaction%3Dlightbox%26settings%3DeyJpZCI6NjQsInVybCI6Imh0dHBzOlwvXC9ycC5tYXJrb2phLmhyXC93cC1jb250ZW50XC91cGxvYWRzXC8yMDI0XC8wOFwvcnAtcHVsYS0xMC1zY2FsZWQud2VicCIsInNsaWRlc2hvdyI6ImVlNWExZGYifQ%3D%3D\" href='https:\/\/rp.markoja.hr\/wp-content\/uploads\/2024\/08\/rp-pula-10-scaled.webp'><img decoding=\"async\" width=\"1200\" height=\"700\" src=\"https:\/\/rp.markoja.hr\/wp-content\/uploads\/2024\/08\/rp-pula-10-1200x700.webp\" class=\"attachment-ocean-thumb-l size-ocean-thumb-l\" alt=\"\" \/><\/a>\n\t\t\t<\/div><\/figure><figure class='gallery-item'>\n\t\t\t<div class='gallery-icon landscape'>\n\t\t\t\t<a data-elementor-open-lightbox=\"yes\" data-elementor-lightbox-slideshow=\"ee5a1df\" data-e-action-hash=\"#elementor-action%3Aaction%3Dlightbox%26settings%3DeyJpZCI6NjcsInVybCI6Imh0dHBzOlwvXC9ycC5tYXJrb2phLmhyXC93cC1jb250ZW50XC91cGxvYWRzXC8yMDI0XC8wOFwvcnAtcHVsYS0xMy1zY2FsZWQud2VicCIsInNsaWRlc2hvdyI6ImVlNWExZGYifQ%3D%3D\" href='https:\/\/rp.markoja.hr\/wp-content\/uploads\/2024\/08\/rp-pula-13-scaled.webp'><img loading=\"lazy\" decoding=\"async\" width=\"1200\" height=\"700\" src=\"https:\/\/rp.markoja.hr\/wp-content\/uploads\/2024\/08\/rp-pula-13-1200x700.webp\" class=\"attachment-ocean-thumb-l size-ocean-thumb-l\" alt=\"\" \/><\/a>\n\t\t\t<\/div><\/figure><figure class='gallery-item'>\n\t\t\t<div class='gallery-icon landscape'>\n\t\t\t\t<a data-elementor-open-lightbox=\"yes\" data-elementor-lightbox-slideshow=\"ee5a1df\" data-e-action-hash=\"#elementor-action%3Aaction%3Dlightbox%26settings%3DeyJpZCI6NjYsInVybCI6Imh0dHBzOlwvXC9ycC5tYXJrb2phLmhyXC93cC1jb250ZW50XC91cGxvYWRzXC8yMDI0XC8wOFwvcnAtcHVsYS0xMi1zY2FsZWQud2VicCIsInNsaWRlc2hvdyI6ImVlNWExZGYifQ%3D%3D\" href='https:\/\/rp.markoja.hr\/wp-content\/uploads\/2024\/08\/rp-pula-12-scaled.webp'><img loading=\"lazy\" decoding=\"async\" width=\"1200\" height=\"700\" src=\"https:\/\/rp.markoja.hr\/wp-content\/uploads\/2024\/08\/rp-pula-12-1200x700.webp\" class=\"attachment-ocean-thumb-l size-ocean-thumb-l\" alt=\"\" \/><\/a>\n\t\t\t<\/div><\/figure><figure class='gallery-item'>\n\t\t\t<div class='gallery-icon landscape'>\n\t\t\t\t<a data-elementor-open-lightbox=\"yes\" data-elementor-lightbox-slideshow=\"ee5a1df\" data-e-action-hash=\"#elementor-action%3Aaction%3Dlightbox%26settings%3DeyJpZCI6NjgsInVybCI6Imh0dHBzOlwvXC9ycC5tYXJrb2phLmhyXC93cC1jb250ZW50XC91cGxvYWRzXC8yMDI0XC8wOFwvcnAtcHVsYS0xNC1zY2FsZWQud2VicCIsInNsaWRlc2hvdyI6ImVlNWExZGYifQ%3D%3D\" href='https:\/\/rp.markoja.hr\/wp-content\/uploads\/2024\/08\/rp-pula-14-scaled.webp'><img loading=\"lazy\" decoding=\"async\" width=\"1200\" height=\"700\" src=\"https:\/\/rp.markoja.hr\/wp-content\/uploads\/2024\/08\/rp-pula-14-1200x700.webp\" class=\"attachment-ocean-thumb-l size-ocean-thumb-l\" alt=\"\" \/><\/a>\n\t\t\t<\/div><\/figure><figure class='gallery-item'>\n\t\t\t<div class='gallery-icon landscape'>\n\t\t\t\t<a data-elementor-open-lightbox=\"yes\" data-elementor-lightbox-slideshow=\"ee5a1df\" data-e-action-hash=\"#elementor-action%3Aaction%3Dlightbox%26settings%3DeyJpZCI6NjksInVybCI6Imh0dHBzOlwvXC9ycC5tYXJrb2phLmhyXC93cC1jb250ZW50XC91cGxvYWRzXC8yMDI0XC8wOFwvcnAtcHVsYS0xNS1zY2FsZWQud2VicCIsInNsaWRlc2hvdyI6ImVlNWExZGYifQ%3D%3D\" href='https:\/\/rp.markoja.hr\/wp-content\/uploads\/2024\/08\/rp-pula-15-scaled.webp'><img loading=\"lazy\" decoding=\"async\" width=\"1200\" height=\"700\" src=\"https:\/\/rp.markoja.hr\/wp-content\/uploads\/2024\/08\/rp-pula-15-1200x700.webp\" class=\"attachment-ocean-thumb-l size-ocean-thumb-l\" alt=\"\" \/><\/a>\n\t\t\t<\/div><\/figure>\n\t\t<\/div>\n\t\t<\/div>\n\t\t\t\t\t\t<\/div>\n\t\t\t\t<\/div>\n\t\t\t\t<\/div>\n\t\t<div class=\"elementor-element elementor-element-9c70443 e-grid e-con-full e-con e-parent\" data-id=\"9c70443\" data-element_type=\"container\" data-e-type=\"container\" data-settings=\"{&quot;background_background&quot;:&quot;classic&quot;}\">\n\t\t\t\t<div class=\"elementor-element elementor-element-84c9480 elementor-widget elementor-widget-heading\" data-id=\"84c9480\" data-element_type=\"widget\" data-e-type=\"widget\" data-widget_type=\"heading.default\">\n\t\t\t\t<div class=\"elementor-widget-container\">\n\t\t\t\t\t<h2 class=\"elementor-heading-title elementor-size-default\">Tra\u017eite parking rje\u0161enje?<\/h2>\t\t\t\t<\/div>\n\t\t\t\t<\/div>\n\t\t\t\t<div class=\"elementor-element elementor-element-47adef2 elementor-align-center elementor-widget elementor-widget-button\" data-id=\"47adef2\" data-element_type=\"widget\" data-e-type=\"widget\" data-widget_type=\"button.default\">\n\t\t\t\t<div class=\"elementor-widget-container\">\n\t\t\t\t\t\t\t\t\t<div class=\"elementor-button-wrapper\">\n\t\t\t\t\t<a class=\"elementor-button elementor-button-link elementor-size-sm\" href=\"https:\/\/rp.markoja.hr\/hr\/contact\/\">\n\t\t\t\t\t\t<span class=\"elementor-button-content-wrapper\">\n\t\t\t\t\t\t\t\t\t<span class=\"elementor-button-text\">KONTAKTIRAJ NAS<\/span>\n\t\t\t\t\t<\/span>\n\t\t\t\t\t<\/a>\n\t\t\t\t<\/div>\n\t\t\t\t\t\t\t\t<\/div>\n\t\t\t\t<\/div>\n\t\t\t\t<div class=\"elementor-element elementor-element-669b502 elementor-widget elementor-widget-heading\" data-id=\"669b502\" data-element_type=\"widget\" data-e-type=\"widget\" data-widget_type=\"heading.default\">\n\t\t\t\t<div class=\"elementor-widget-container\">\n\t\t\t\t\t<h2 class=\"elementor-heading-title elementor-size-default\">Na\u0161 stru\u010dni tim mo\u017ee dizajnirati pravi sustav za vas!<\/h2>\t\t\t\t<\/div>\n\t\t\t\t<\/div>\n\t\t\t\t<\/div>\n\t\t<div class=\"elementor-element elementor-element-2085567 e-con-full e-flex e-con e-parent\" data-id=\"2085567\" data-element_type=\"container\" data-e-type=\"container\">\n\t\t\t\t<div class=\"elementor-element elementor-element-27f5664 elementor-widget__width-inherit elementor-widget elementor-widget-google_maps\" data-id=\"27f5664\" data-element_type=\"widget\" data-e-type=\"widget\" data-widget_type=\"google_maps.default\">\n\t\t\t\t<div class=\"elementor-widget-container\">\n\t\t\t\t\t\t\t<div class=\"elementor-custom-embed\">\n\t\t\t<iframe loading=\"lazy\"\n\t\t\t\t\tsrc=\"https:\/\/maps.google.com\/maps?q=Markoja%20d.o.o.%2C%20Selska%20cesta%2093%2C%2010000%2C%20Zagreb&#038;t=m&#038;z=17&#038;output=embed&#038;iwloc=near\"\n\t\t\t\t\ttitle=\"Markoja d.o.o., Selska cesta 93, 10000, Zagreb\"\n\t\t\t\t\taria-label=\"Markoja d.o.o., Selska cesta 93, 10000, Zagreb\"\n\t\t\t><\/iframe>\n\t\t<\/div>\n\t\t\t\t\t\t<\/div>\n\t\t\t\t<\/div>\n\t\t\t\t<\/div>\n\t\t\t\t<\/div>","protected":false},"excerpt":{"rendered":"<p>Rotary Parking Multiplying parking space near you! The most cost-effective, energy-efficient, and eco-friendly parking systems that increase parking capacity up to 8 times compared to traditional parking lots. As the most economical parking system, Rotary Parking requires just 36 m2 of space,providing parking for up to 16 vehicles on an area of just two traditional [&hellip;]<\/p>","protected":false},"author":1,"featured_media":0,"parent":0,"menu_order":0,"comment_status":"closed","ping_status":"closed","template":"elementor_header_footer","meta":{"ocean_post_layout":"full-screen","ocean_both_sidebars_style":"","ocean_both_sidebars_content_width":0,"ocean_both_sidebars_sidebars_width":0,"ocean_sidebar":"0","ocean_second_sidebar":"0","ocean_disable_margins":"enable","ocean_add_body_class":"","ocean_shortcode_before_top_bar":"","ocean_shortcode_after_top_bar":"","ocean_shortcode_before_header":"","ocean_shortcode_after_header":"","ocean_has_shortcode":"","ocean_shortcode_after_title":"","ocean_shortcode_before_footer_widgets":"","ocean_shortcode_after_footer_widgets":"","ocean_shortcode_before_footer_bottom":"","ocean_shortcode_after_footer_bottom":"","ocean_display_top_bar":"default","ocean_display_header":"default","ocean_header_style":"","ocean_center_header_left_menu":"0","ocean_custom_header_template":"0","ocean_custom_logo":0,"ocean_custom_retina_logo":0,"ocean_custom_logo_max_width":0,"ocean_custom_logo_tablet_max_width":0,"ocean_custom_logo_mobile_max_width":0,"ocean_custom_logo_max_height":0,"ocean_custom_logo_tablet_max_height":0,"ocean_custom_logo_mobile_max_height":0,"ocean_header_custom_menu":"0","ocean_menu_typo_font_family":"0","ocean_menu_typo_font_subset":"","ocean_menu_typo_font_size":0,"ocean_menu_typo_font_size_tablet":0,"ocean_menu_typo_font_size_mobile":0,"ocean_menu_typo_font_size_unit":"px","ocean_menu_typo_font_weight":"","ocean_menu_typo_font_weight_tablet":"","ocean_menu_typo_font_weight_mobile":"","ocean_menu_typo_transform":"","ocean_menu_typo_transform_tablet":"","ocean_menu_typo_transform_mobile":"","ocean_menu_typo_line_height":0,"ocean_menu_typo_line_height_tablet":0,"ocean_menu_typo_line_height_mobile":0,"ocean_menu_typo_line_height_unit":"","ocean_menu_typo_spacing":0,"ocean_menu_typo_spacing_tablet":0,"ocean_menu_typo_spacing_mobile":0,"ocean_menu_typo_spacing_unit":"","ocean_menu_link_color":"","ocean_menu_link_color_hover":"","ocean_menu_link_color_active":"","ocean_menu_link_background":"","ocean_menu_link_hover_background":"","ocean_menu_link_active_background":"","ocean_menu_social_links_bg":"","ocean_menu_social_hover_links_bg":"","ocean_menu_social_links_color":"","ocean_menu_social_hover_links_color":"","ocean_disable_title":"on","ocean_disable_heading":"default","ocean_post_title":"","ocean_post_subheading":"","ocean_post_title_style":"","ocean_post_title_background_color":"","ocean_post_title_background":0,"ocean_post_title_bg_image_position":"","ocean_post_title_bg_image_attachment":"","ocean_post_title_bg_image_repeat":"","ocean_post_title_bg_image_size":"","ocean_post_title_height":0,"ocean_post_title_bg_overlay":0.5,"ocean_post_title_bg_overlay_color":"","ocean_disable_breadcrumbs":"default","ocean_breadcrumbs_color":"","ocean_breadcrumbs_separator_color":"","ocean_breadcrumbs_links_color":"","ocean_breadcrumbs_links_hover_color":"","ocean_display_footer_widgets":"default","ocean_display_footer_bottom":"default","ocean_custom_footer_template":"0","footnotes":""},"class_list":["post-17","page","type-page","status-publish","hentry","entry"],"_links":{"self":[{"href":"https:\/\/rp.markoja.hr\/hr\/wp-json\/wp\/v2\/pages\/17","targetHints":{"allow":["GET"]}}],"collection":[{"href":"https:\/\/rp.markoja.hr\/hr\/wp-json\/wp\/v2\/pages"}],"about":[{"href":"https:\/\/rp.markoja.hr\/hr\/wp-json\/wp\/v2\/types\/page"}],"author":[{"embeddable":true,"href":"https:\/\/rp.markoja.hr\/hr\/wp-json\/wp\/v2\/users\/1"}],"replies":[{"embeddable":true,"href":"https:\/\/rp.markoja.hr\/hr\/wp-json\/wp\/v2\/comments?post=17"}],"version-history":[{"count":0,"href":"https:\/\/rp.markoja.hr\/hr\/wp-json\/wp\/v2\/pages\/17\/revisions"}],"wp:attachment":[{"href":"https:\/\/rp.markoja.hr\/hr\/wp-json\/wp\/v2\/media?parent=17"}],"curies":[{"name":"wp","href":"https:\/\/api.w.org\/{rel}","templated":true}]}}